{"id":885,"date":"2023-05-09T12:07:11","date_gmt":"2023-05-09T10:07:11","guid":{"rendered":"http:\/\/helyiertek.derimuzeum.hu\/?page_id=885"},"modified":"2023-05-17T09:48:21","modified_gmt":"2023-05-17T07:48:21","slug":"885-2","status":"publish","type":"page","link":"https:\/\/helyiertek.derimuzeum.hu\/?page_id=885","title":{"rendered":"Kiadv\u00e1nyaink"},"content":{"rendered":"\n<p><\/p>\n\n\n\n<p><\/p>\n\n\n\n<p><\/p>\n\n\n\n<p><strong>A Debreceni D\u00e9ri M\u00fazeum \u00c9vk\u00f6nyve<\/strong><\/p>\n\n\n\n<p>ISSN: 0418-4513<\/p>\n\n\n\n<p>Tartalom 1931\u20132011 (<a href=\"https:\/\/matarka.hu\/szam_list.php?fsz=857\">Matarka<\/a>)<\/p>\n\n\n\n<p>Teljes sz\u00e1mok a jogel\u0151d sorozatokkal 1908\u20132017 (<a href=\"https:\/\/library.hungaricana.hu\/hu\/collection\/muze_megy_hajb_deri_muzeum_evkonyve\/\">Hungaricana<\/a>)<\/p>\n\n\n\n<p>2018\u20132022 (<a href=\"https:\/\/www.derimuzeum.hu\/kiadvanyaink.php?id=1\" data-type=\"URL\" data-id=\"https:\/\/www.derimuzeum.hu\/kiadvanyaink.php?id=1\">D\u00e9ri M\u00fazeum honlapja<\/a>)<\/p>\n\n\n\n<p><strong>Vezet\u0151k a D\u00e9ri M\u00fazeum ki\u00e1ll\u00edt\u00e1saihoz<\/strong><\/p>\n\n\n\n<p>Teljes kiadv\u00e1nyok 1930\u20132007.&nbsp;<a href=\"http:\/\/www.derimuzeum.hu\/kiadvanyaink.php?id=7\">(D\u00e9ri M\u00fazeum<\/a>)<\/p>\n\n\n\n<p><strong>A Hajd\u00fa-Bihar Megyei M\u00fazeumok K\u00f6zlem\u00e9nyei<\/strong><\/p>\n\n\n\n<p>ISSN: 0438-4121<\/p>\n\n\n\n<p>Teljes sz\u00e1mok 1963\u20132011 (<a href=\"https:\/\/library.hungaricana.hu\/hu\/collection\/muze_megy_hajb_hbmmk\/\">Hungaricana<\/a>)<\/p>\n\n\n\n<p><strong>Hajd\u00fas\u00e1gi k\u00f6zlem\u00e9nyek<\/strong><\/p>\n\n\n\n<p>ISSN: 0133-8439<\/p>\n\n\n\n<p>Teljes sz\u00e1mok 1974\u20131992 (<a href=\"https:\/\/library.hungaricana.hu\/hu\/collection\/muze_megy_hajb_hajdusagi_kozlemenyek\/\">Hungaricana<\/a>)<\/p>\n\n\n\n<p><strong>A Hajd\u00fas\u00e1gi M\u00fazeum \u00c9vk\u00f6nyve<\/strong><\/p>\n\n\n\n<p>ISSN: 0139-0937<\/p>\n\n\n\n<p>Tartalom: 1973\u20132008 (<a href=\"https:\/\/matarka.hu\/szam_list.php?fsz=257\">Matarka<\/a>)<\/p>\n\n\n\n<p>Teljes sz\u00e1mok 1973\u20132008 (<a href=\"https:\/\/library.hungaricana.hu\/hu\/collection\/muze_megy_hajb_hajdusagi_muzeum_evkonyvei\/\">Hungaricana<\/a>)<\/p>\n\n\n\n<p><strong>A Bihari M\u00fazeum \u00e9vk\u00f6nyve<\/strong><\/p>\n\n\n\n<p>ISSN: 0133-7653<\/p>\n\n\n\n<p>Tartalom 1976\u20132020 (<a href=\"https:\/\/matarka.hu\/szam_list.php?fsz=562\">Matarka<\/a>)<\/p>\n\n\n\n<p>Teljes sz\u00e1mok 1976\u20132011 (<a href=\"https:\/\/library.hungaricana.hu\/hu\/collection\/muze_megy_hajb_bihari_muzeum_evkonyvei\/\">Hungaricana<\/a>)<\/p>\n\n\n\n<p>Teljes sz\u00e1mok 2014\u20132020 (<a href=\"https:\/\/matarka.hu\/szam_list.php?fsz=562\">Matarka<\/a>)<\/p>\n\n\n\n<p><strong>\u00dajv\u00e1rosi Dolgozatok &#8211; A Balmaz\u00fajv\u00e1rosi M\u00fazeum Kiadv\u00e1nyai<\/strong><\/p>\n\n\n\n<p>ISSN: 0134-0999<\/p>\n\n\n\n<p>Teljes sz\u00e1mok 1977\u20131997 (<a href=\"https:\/\/library.hungaricana.hu\/hu\/collection\/muze_megy_hajb_ujvarosi_dolgozatok\/\">Hungaricana<\/a>)<\/p>\n\n\n\n<p><strong>Egy\u00e9b, sorozaton k\u00edv\u00fcli kiadv\u00e1nyok:<\/strong><\/p>\n\n\n\n<ul>\n<li>Munk\u00e1csy ki\u00e1ll\u00edt\u00e1s. (<a href=\"https:\/\/library.hungaricana.hu\/hu\/view\/MEGY_HAJB_Sk_1989_MUNKACSY\/?pg=0&amp;layout=s\">Hungaricana<\/a>)<\/li>\n\n\n\n<li>Sz. K\u00fcrti Katalin: Medgyessy Ferenc \u00e9s Debrecen. Debrecen, 1981. (<a href=\"https:\/\/library.hungaricana.hu\/hu\/view\/MEGY_HAJB_Sk_11_Medgy\/?pg=0&amp;layout=s\">Hungaricana<\/a>)<\/li>\n\n\n\n<li>Balogh Istv\u00e1n: Ecsedi Istv\u00e1n \u00e9lete \u00e9s munk\u00e1ss\u00e1ga. Debrecen, 1985. (<a href=\"https:\/\/library.hungaricana.hu\/hu\/view\/MEGY_HAJB_Sk_04_Balogh\/?pg=0&amp;layout=s\">Hungaricana<\/a>)<\/li>\n\n\n\n<li>Zoltai Lajos munk\u00e1ss\u00e1g\u00e1nak bibliogr\u00e1fi\u00e1ja. Debrecen, 1989. (<a href=\"https:\/\/library.hungaricana.hu\/hu\/view\/MEGY_HAJB_Sk_26_Zoltai\/?pg=0&amp;layout=s\">Hungaricana<\/a>)<\/li>\n\n\n\n<li>Sz. K\u00fcrti Katalin: Munk\u00e1csy Mih\u00e1ly Krisztus-Triol\u00f3gi\u00e1ja. Budapest, 1989. (<a href=\"https:\/\/library.hungaricana.hu\/hu\/view\/MEGY_HAJB_Sk_10_Munkacsy\/?pg=0&amp;layout=s\">Hungaricana<\/a>)<\/li>\n\n\n\n<li>Sz. K\u00fcrti Katalin &#8211; Hap\u00e1k J\u00f3zsef: Munk\u00e1csy Mih\u00e1ly &#8211; Krisztus k\u00e9pei. Debrecen, 1993. (<a href=\"https:\/\/library.hungaricana.hu\/hu\/view\/MEGY_HAJB_Sk_12_Krisztus\/?pg=0&amp;layout=s\">Hungaricana<\/a>)<\/li>\n\n\n\n<li>Nagy P\u00e1l &#8211; V. Szathm\u00e1ri Ibolya szerk.: A debreceni t\u00edm\u00e1rmesters\u00e9g t\u00f6rt\u00e9neti eml\u00e9kei, Karcag, 1997. (<a href=\"https:\/\/library.hungaricana.hu\/hu\/view\/MEGY_HAJB_Sk_06_Timar\/?pg=0&amp;layout=s\">Hungaricana)<\/a><\/li>\n\n\n\n<li>Juh\u00e1sz Imre: A Bocskai Istv\u00e1n M\u00fazeum n\u00e9gy \u00e9vtizede 1958-1998. Hajd\u00faszoboszl\u00f3, 1999. (<a href=\"https:\/\/library.hungaricana.hu\/hu\/view\/MEGY_HAJB_Sk_1999_BocskaiMuzeum4Evtizede\/?pg=3&amp;layout=s\">Hungaricana<\/a>)<\/li>\n\n\n\n<li>Lakner Lajos: Napl\u00f3k &#8211; Ol\u00e1h G\u00e1bor. Debrecen, 2002. (<a href=\"https:\/\/library.hungaricana.hu\/hu\/view\/MEGY_HAJB_Sk_18_Naplok\/?pg=0&amp;layout=s\">Hungaricana<\/a>)<\/li>\n\n\n\n<li>Sz\u0171cs S\u00e1ndor: A puszta utols\u00f3 kr\u00f3nik\u00e1sa. T\u00farkeve, 2003. (<a href=\"https:\/\/library.hungaricana.hu\/hu\/view\/MEGY_HAJB_Sk_24_Puszta\/?pg=0&amp;layout=s\">Hungaricana<\/a>)<\/li>\n\n\n\n<li>Kultusz \u00e9s \u00e1ldozat &#8211; A debreceni Csokonai K\u00f6r. Debrecen, 2005. (<a href=\"https:\/\/library.hungaricana.hu\/hu\/view\/MEGY_HAJB_Sk_2005_KULTUSZESALDOZAT\/?pg=0&amp;layout=s\">Hungaricana<\/a>)<\/li>\n\n\n\n<li>Bak\u00f3 Endre: &#8220;Debrecen, lelkem sz\u00e9kv\u00e1rosa&#8221; &nbsp;(N\u00e9meth L\u00e1szl\u00f3 \u00e9s Debrecen). Debrecen, 2006. (<a href=\"https:\/\/library.hungaricana.hu\/hu\/view\/MEGY_HAJB_Sk_02_DebrecenLelkem\/?pg=0&amp;layout=s\">Hungaricana<\/a>)<\/li>\n\n\n\n<li>\u201eH\u00e1tizs\u00e1kkal \u00e9s bakancsban a F\u00f6ld k\u00f6r\u00fcl&#8221; &#8211; Dr. Bal\u00e1zs D\u00e9nes (1924-1994). Debrecen, 2007. (<a href=\"https:\/\/library.hungaricana.hu\/hu\/view\/MEGY_HAJB_Sk_03_Balazs\/?pg=0&amp;layout=s\">Hungaricana<\/a>)<\/li>\n\n\n\n<li>\u00c9let \u00e9s Vil\u00e1g &#8211; \u00cdr\u00e1sok Keresztesn\u00e9 V\u00e1rhelyi Ilona tisztelet\u00e9re. Debrecen, 2007. (<a href=\"https:\/\/library.hungaricana.hu\/hu\/view\/MEGY_HAJB_Sk_07_Elet\/?pg=0&amp;layout=s\">Hungaricana<\/a>)<\/li>\n\n\n\n<li>Szab\u00f3 Anna Viola: Gondy \u00e9s Egey f\u00e9nyk\u00e9p\u00e9szeti m\u0171int\u00e9zete Debrecenben. Debrecen, 2008. (<a href=\"https:\/\/library.hungaricana.hu\/hu\/view\/MEGY_HAJB_Sk_27_Gondy_Egey\/?pg=0&amp;layout=s\">Hungaricana<\/a>)<\/li>\n\n\n\n<li>Papp J\u00f3zsef: Hortob\u00e1gy. Debrecen, 2008. (<a href=\"https:\/\/library.hungaricana.hu\/hu\/view\/MEGY_HAJB_Sk_19_Hortobagy\/?pg=0&amp;layout=s\">Hungaricana<\/a>)<\/li>\n\n\n\n<li>&#8220;Ilyen tavasz csak egy volt \u00e9letemben&#8221; &#8211; 1848-as eml\u00e9kki\u00e1ll\u00edt\u00e1s. Debrecen, 2009. (<a href=\"https:\/\/library.hungaricana.hu\/hu\/view\/MEGY_HAJB_Sk_08_Ilyen\/?pg=0&amp;layout=s\">Hungaricana<\/a>)<\/li>\n<\/ul>\n","protected":false},"excerpt":{"rendered":"<p>A Debreceni D\u00e9ri M\u00fazeum \u00c9vk\u00f6nyve ISSN: 0418-4513 Tartalom 1931\u20132011 (Matarka) Teljes sz\u00e1mok a jogel\u0151d sorozatokkal 1908\u20132017 (Hungaricana) 2018\u20132022 (D\u00e9ri M\u00fazeum honlapja) Vezet\u0151k a D\u00e9ri M\u00fazeum ki\u00e1ll\u00edt\u00e1saihoz Teljes kiadv\u00e1nyok 1930\u20132007.&nbsp;(D\u00e9ri M\u00fazeum) A Hajd\u00fa-Bihar Megyei M\u00fazeumok K\u00f6zlem\u00e9nyei ISSN: 0438-4121 Teljes sz\u00e1mok 1963\u20132011 (Hungaricana) Hajd\u00fas\u00e1gi k\u00f6zlem\u00e9nyek ISSN: 0133-8439 Teljes sz\u00e1mok 1974\u20131992 (Hungaricana) A Hajd\u00fas\u00e1gi M\u00fazeum \u00c9vk\u00f6nyve ISSN: 0139-0937 [&hellip;]<\/p>\n","protected":false},"author":9,"featured_media":0,"parent":0,"menu_order":0,"comment_status":"closed","ping_status":"closed","template":"","meta":{"_et_pb_use_builder":"off","_et_pb_old_content":"","_et_gb_content_width":""},"_links":{"self":[{"href":"https:\/\/helyiertek.derimuzeum.hu\/index.php?rest_route=\/wp\/v2\/pages\/885"}],"collection":[{"href":"https:\/\/helyiertek.derimuzeum.hu\/index.php?rest_route=\/wp\/v2\/pages"}],"about":[{"href":"https:\/\/helyiertek.derimuzeum.hu\/index.php?rest_route=\/wp\/v2\/types\/page"}],"author":[{"embeddable":true,"href":"https:\/\/helyiertek.derimuzeum.hu\/index.php?rest_route=\/wp\/v2\/users\/9"}],"replies":[{"embeddable":true,"href":"https:\/\/helyiertek.derimuzeum.hu\/index.php?rest_route=%2Fwp%2Fv2%2Fcomments&post=885"}],"version-history":[{"count":7,"href":"https:\/\/helyiertek.derimuzeum.hu\/index.php?rest_route=\/wp\/v2\/pages\/885\/revisions"}],"predecessor-version":[{"id":1388,"href":"https:\/\/helyiertek.derimuzeum.hu\/index.php?rest_route=\/wp\/v2\/pages\/885\/revisions\/1388"}],"wp:attachment":[{"href":"https:\/\/helyiertek.derimuzeum.hu\/index.php?rest_route=%2Fwp%2Fv2%2Fmedia&parent=885"}],"curies":[{"name":"wp","href":"https:\/\/api.w.org\/{rel}","templated":true}]}}