{"id":570,"date":"2023-04-15T12:20:23","date_gmt":"2023-04-15T10:20:23","guid":{"rendered":"http:\/\/helyiertek.derimuzeum.hu\/?page_id=570"},"modified":"2023-05-09T06:17:21","modified_gmt":"2023-05-09T04:17:21","slug":"szerzoknek","status":"publish","type":"page","link":"https:\/\/helyiertek.derimuzeum.hu\/?page_id=570","title":{"rendered":"Szerz\u0151knek"},"content":{"rendered":"<p>[et_pb_section fb_built=&#8221;1&#8243; _builder_version=&#8221;4.20.4&#8243; _module_preset=&#8221;default&#8221; global_colors_info=&#8221;{}&#8221;][et_pb_row _builder_version=&#8221;4.20.4&#8243; _module_preset=&#8221;default&#8221; hover_enabled=&#8221;0&#8243; global_colors_info=&#8221;{}&#8221; custom_padding=&#8221;110px||||false|false&#8221; sticky_enabled=&#8221;0&#8243;][et_pb_column type=&#8221;4_4&#8243; _builder_version=&#8221;4.20.4&#8243; _module_preset=&#8221;default&#8221; global_colors_info=&#8221;{}&#8221;][et_pb_text _builder_version=&#8221;4.20.4&#8243; _module_preset=&#8221;default&#8221; text_font=&#8221;Arial||||||||&#8221; header_font=&#8221;Arial||||||||&#8221; header_font_size=&#8221;35px&#8221; custom_padding=&#8221;0px||||false|false&#8221; hover_enabled=&#8221;0&#8243; global_colors_info=&#8221;{}&#8221; sticky_enabled=&#8221;0&#8243;]<\/p>\n<h1>Szerz\u0151knek<\/h1>\n<p>&nbsp;<\/p>\n<p>Port\u00e1lunk sz\u00edvesen k\u00f6z\u00f6l cikkeket, amennyiben illenek az oldal t\u00e9m\u00e1j\u00e1hoz \u00e9s szellemis\u00e9g\u00e9hez. K\u00e9rj\u00fck, amennyiben szeretne n\u00e1lunk publik\u00e1lni, \u00edrjon az\u00a0<a href=\"mailto:helyiertek@derimuzeum.hu\">helyiertek@derimuzeum.hu<\/a> e-mail c\u00edmre. Az elk\u00fcld\u00f6tt tartalmakat minden esetben szakmai bizotts\u00e1g fel\u00fclvizsg\u00e1lja min\u0151s\u00e9gbiztos\u00edt\u00e1si okokb\u00f3l. B\u00e1rmilyen helyesb\u00edt\u00e9s a szerz\u0151vel val\u00f3 egyeztet\u00e9s ut\u00e1n val\u00f3sul csak meg.<\/p>\n<p><em>Felh\u00edvjuk minden j\u00f6v\u0151beli szerz\u0151nk figyelm\u00e9t, hogy a k\u00f6zz\u00e9t\u00e9telre (t\u00f6bbsz\u00f6r\u00f6z\u00e9s) a hat\u00e1lyos szerz\u0151i jogi t\u00f6rv\u00e9ny minden vonatkoz\u00e1s\u00e1ban \u00e9rv\u00e9nyes. A szerz\u0151i jogokat \u00e1ltal\u00e1noss\u00e1gban az 1999. \u00e9vi LXXVI. t\u00f6rv\u00e9ny szab\u00e1lyozza. A t\u00f6rv\u00e9ny alapj\u00e1n v\u00e9delemben r\u00e9szes\u00fcl minden olyan egy\u00e9ni, eredeti alkot\u00e1s, amely egy vagy t\u00f6bb szerz\u0151 szellemi teljes\u00edtm\u00e9nyek\u00e9nt j\u00f6tt l\u00e9tre. A szerz\u0151t\/szerz\u0151ket a m\u0171 l\u00e9trej\u00f6tt\u00e9t\u0151l kezdve megilleti(k) a szerz\u0151i jogok \u2013 a szem\u00e9lyhez f\u0171z\u0151d\u0151 \u00e9s a vagyoni jogok \u00f6sszess\u00e9ge. Magyarorsz\u00e1gon a szerz\u0151(k) \u2013 pl. \u00edr\u00f3, illusztr\u00e1tor, ford\u00edt\u00f3 stb. \u2013 \u00e9let\u00e9ben, valamint a szerz\u0151(k) hal\u00e1l\u00e1t\u00f3l sz\u00e1m\u00edtott hetven \u00e9ven \u00e1t marad \u00e9rv\u00e9nyben, ha a szerz\u0151i jog tulajdonosa m\u00e1sk\u00e9nt nem rendelkezik.<\/em><\/p>\n<p>A publik\u00e1ci\u00f3k m\u00e9rete minimum 4000 karakter. A sz\u00f6veghez k\u00e9r\u00fcnk egy 2\u20135 mondatos r\u00f6vid ismertet\u0151t, amely a cikk bevezet\u0151je lesz.<\/p>\n<p>Ha a t\u00e9ma megk\u00edv\u00e1nja, a sz\u00f6veg v\u00e9g\u00e9re irodalomjegyz\u00e9k elhelyezhet\u0151 (ennek az al\u00e1bbi elemeket kell tartalmaznia: szerz\u0151, c\u00edm, megjelen\u00e9s helye, ideje, webes hivatkoz\u00e1s eset\u00e9n a weboldal c\u00edme, let\u00f6lt\u00e9s d\u00e1tuma). Amennyiben sz\u00f3 szerinti id\u00e9zet szerepel a publik\u00e1ci\u00f3ban, akkor k\u00e9rj\u00fck annak pontos megjel\u00f6l\u00e9s\u00e9t oldalsz\u00e1mmal egy\u00fctt a fentiek alapj\u00e1n.<\/p>\n<p>A k\u00e9peket k\u00fcl\u00f6n f\u00e1jlban k\u00e9rj\u00fck mell\u00e9kelni. Amennyiben nem saj\u00e1t tulajdon\u00fa fot\u00f3r\u00f3l van sz\u00f3, pontos forr\u00e1smegjel\u00f6l\u00e9st\u00a0k\u00e9r\u00fcnk a k\u00e9pal\u00e1\u00edr\u00e1shoz. A felt\u00f6lt\u00f6tt k\u00e9pek jogtisztas\u00e1g\u00e1\u00e9rt a szerz\u0151 felel.<\/p>\n<p>[\/et_pb_text][\/et_pb_column][\/et_pb_row][\/et_pb_section]<\/p>\n","protected":false},"excerpt":{"rendered":"<p>Szerz\u0151knek &nbsp; Port\u00e1lunk sz\u00edvesen k\u00f6z\u00f6l cikkeket, amennyiben illenek az oldal t\u00e9m\u00e1j\u00e1hoz \u00e9s szellemis\u00e9g\u00e9hez. K\u00e9rj\u00fck, amennyiben szeretne n\u00e1lunk publik\u00e1lni, \u00edrjon az\u00a0helyiertek@derimuzeum.hu e-mail c\u00edmre. Az elk\u00fcld\u00f6tt tartalmakat minden esetben szakmai bizotts\u00e1g fel\u00fclvizsg\u00e1lja min\u0151s\u00e9gbiztos\u00edt\u00e1si okokb\u00f3l. B\u00e1rmilyen helyesb\u00edt\u00e9s a szerz\u0151vel val\u00f3 egyeztet\u00e9s ut\u00e1n val\u00f3sul csak meg. Felh\u00edvjuk minden j\u00f6v\u0151beli szerz\u0151nk figyelm\u00e9t, hogy a k\u00f6zz\u00e9t\u00e9telre (t\u00f6bbsz\u00f6r\u00f6z\u00e9s) a hat\u00e1lyos szerz\u0151i jogi [&hellip;]<\/p>\n","protected":false},"author":1,"featured_media":0,"parent":0,"menu_order":0,"comment_status":"closed","ping_status":"closed","template":"","meta":{"_et_pb_use_builder":"on","_et_pb_old_content":"","_et_gb_content_width":""},"_links":{"self":[{"href":"https:\/\/helyiertek.derimuzeum.hu\/index.php?rest_route=\/wp\/v2\/pages\/570"}],"collection":[{"href":"https:\/\/helyiertek.derimuzeum.hu\/index.php?rest_route=\/wp\/v2\/pages"}],"about":[{"href":"https:\/\/helyiertek.derimuzeum.hu\/index.php?rest_route=\/wp\/v2\/types\/page"}],"author":[{"embeddable":true,"href":"https:\/\/helyiertek.derimuzeum.hu\/index.php?rest_route=\/wp\/v2\/users\/1"}],"replies":[{"embeddable":true,"href":"https:\/\/helyiertek.derimuzeum.hu\/index.php?rest_route=%2Fwp%2Fv2%2Fcomments&post=570"}],"version-history":[{"count":5,"href":"https:\/\/helyiertek.derimuzeum.hu\/index.php?rest_route=\/wp\/v2\/pages\/570\/revisions"}],"predecessor-version":[{"id":850,"href":"https:\/\/helyiertek.derimuzeum.hu\/index.php?rest_route=\/wp\/v2\/pages\/570\/revisions\/850"}],"wp:attachment":[{"href":"https:\/\/helyiertek.derimuzeum.hu\/index.php?rest_route=%2Fwp%2Fv2%2Fmedia&parent=570"}],"curies":[{"name":"wp","href":"https:\/\/api.w.org\/{rel}","templated":true}]}}