{"id":1304,"date":"2023-05-16T14:50:15","date_gmt":"2023-05-16T12:50:15","guid":{"rendered":"http:\/\/helyiertek.derimuzeum.hu\/?page_id=1304"},"modified":"2026-03-26T12:03:08","modified_gmt":"2026-03-26T11:03:08","slug":"adatkezelesi-tajekoztato-2","status":"publish","type":"page","link":"https:\/\/helyiertek.derimuzeum.hu\/?page_id=1304","title":{"rendered":"Adatkezel\u00e9si t\u00e1j\u00e9koztat\u00f3"},"content":{"rendered":"<p>[et_pb_section fb_built=&#8221;1&#8243; _builder_version=&#8221;4.21.0&#8243; _module_preset=&#8221;default&#8221; global_colors_info=&#8221;{}&#8221;][et_pb_row _builder_version=&#8221;4.21.0&#8243; _module_preset=&#8221;default&#8221; global_colors_info=&#8221;{}&#8221;][et_pb_column type=&#8221;4_4&#8243; _builder_version=&#8221;4.21.0&#8243; _module_preset=&#8221;default&#8221; global_colors_info=&#8221;{}&#8221;][et_pb_text _builder_version=&#8221;4.21.0&#8243; _module_preset=&#8221;default&#8221; text_font=&#8221;Arial||||||||&#8221; header_font=&#8221;Arial||||||||&#8221; header_font_size=&#8221;27px&#8221; header_line_height=&#8221;1.5em&#8221; custom_margin=&#8221;95px||||false|false&#8221; custom_padding=&#8221;0px||||false|false&#8221; global_colors_info=&#8221;{}&#8221;]<\/p>\n<h1><strong>Adatkezel\u00e9si t\u00e1j\u00e9koztat\u00f3 a D\u00e9ri M\u00fazeum helyiertek.derimuzeum.hu weboldal\u00e1n v\u00e9gzett adatkezel\u00e9sekr\u0151l<\/strong><\/h1>\n<p>&nbsp;<\/p>\n<h1><strong>1. <\/strong><strong>Az adatkezel\u0151 megnevez\u00e9se \u00e9s el\u00e9rhet\u0151s\u00e9gei <\/strong><\/h1>\n<p><strong>D\u00e9ri M\u00fazeum<\/strong><\/p>\n<p>Sz\u00e9khely: 4026 Debrecen, D\u00e9ri t\u00e9r 1.<\/p>\n<p>Posta c\u00edm: 4001 Debrecen, Pf. 61.<\/p>\n<p>E-mail c\u00edm: deri@derimuzeum.hu<\/p>\n<p>Telefonsz\u00e1m: +36 52\u00a0322 207<\/p>\n<h1><strong>2. Adatkezel\u00e9sre vonatkoz\u00f3 jogszab\u00e1lyok<\/strong><\/h1>\n<p>Az <strong>D\u00e9ri M\u00fazeum <\/strong>adatkezel\u00e9s\u00e9re az al\u00e1bbi jogszab\u00e1lyi rendelkez\u00e9sek vonatkoznak:<\/p>\n<p>A szem\u00e9lyes adatok kezel\u00e9se tekintet\u00e9ben t\u00f6rt\u00e9n\u0151 v\u00e9delm\u00e9r\u0151l \u00e9s az ilyen adatok szabad \u00e1raml\u00e1s\u00e1r\u00f3l, valamint a 95\/46\/EK rendelet hat\u00e1lyon k\u00edv\u00fcl helyez\u00e9s\u00e9r\u0151l sz\u00f3l\u00f3 az Eur\u00f3pai Parlament \u00e9s a Tan\u00e1cs 2016. \u00e1prilis 27-i (EU) 2016\/679 rendelet (a tov\u00e1bbiakban: GDPR). A GDPR sz\u00f6vege ezen a linken kereszt\u00fcl el\u00e9rhet\u0151 az Eur\u00f3pai Uni\u00f3 valamennyi hivatalos nyelv\u00e9n. Az inform\u00e1ci\u00f3s \u00f6nrendelkez\u00e9si jogr\u00f3l \u00e9s az inform\u00e1ci\u00f3szabads\u00e1gr\u00f3l sz\u00f3l\u00f3 2011. \u00e9vi CXII. t\u00f6rv\u00e9ny.<\/p>\n<p>&nbsp;<\/p>\n<h1><strong>3. A regisz<\/strong><strong>tr\u00e1ci\u00f3 sor\u00e1n megadott adatokhoz kapcsol\u00f3d\u00f3 adatkezel\u00e9s<\/strong><\/h1>\n<h2><strong>\u00a0<\/strong><\/h2>\n<h1><strong>3.1. A kezelt adatok k\u00f6re \u00e9s az adatkezel\u00e9s c\u00e9lja<\/strong><\/h1>\n<table>\n<tbody>\n<tr>\n<td width=\"189\"><strong>Felhaszn\u00e1l\u00f3 n\u00e9v<\/strong><\/td>\n<td width=\"415\">Az adatb\u00e1zis haszn\u00e1lat\u00e1hoz a felhaszn\u00e1l\u00f3knak az adatb\u00e1zisban t\u00f6rt\u00e9n\u0151 azonos\u00edt\u00e1s\u00e1hoz elengedhetetlen\u00fcl sz\u00fcks\u00e9ges.<\/td>\n<\/tr>\n<tr>\n<td width=\"189\"><strong>E-mail c\u00edm<\/strong><\/td>\n<td width=\"415\">Az adatb\u00e1zis felhaszn\u00e1l\u00f3k az adatb\u00e1zisban t\u00f6rt\u00e9n\u0151 azonos\u00edt\u00e1s\u00e1hoz felt\u00e9tlen\u00fcl sz\u00fcks\u00e9ges. A felhaszn\u00e1l\u00f3val val\u00f3 kapcsolattart\u00e1s c\u00e9lj\u00e1t szolg\u00e1lja.<\/td>\n<\/tr>\n<tr>\n<td width=\"189\"><strong>Vezet\u00e9kn\u00e9v<\/strong><\/td>\n<td width=\"415\">Az adatb\u00e1zis haszn\u00e1lat\u00e1hoz a felhaszn\u00e1l\u00f3knak az adatb\u00e1zisban t\u00f6rt\u00e9n\u0151 azonos\u00edt\u00e1s\u00e1hoz elengedhetetlen\u00fcl sz\u00fcks\u00e9ges.<\/td>\n<\/tr>\n<tr>\n<td width=\"189\"><strong>Keresztn\u00e9v<\/strong><\/td>\n<td width=\"415\">Az adatb\u00e1zis haszn\u00e1lat\u00e1hoz a felhaszn\u00e1l\u00f3knak az adatb\u00e1zisban t\u00f6rt\u00e9n\u0151 azonos\u00edt\u00e1s\u00e1hoz elengedhetetlen\u00fcl sz\u00fcks\u00e9ges.<\/td>\n<\/tr>\n<tr>\n<td width=\"189\"><strong>Sz\u00fclet\u00e9si d\u00e1tum<\/strong><\/td>\n<td width=\"415\">Az adatb\u00e1zis haszn\u00e1lat\u00e1hoz a felhaszn\u00e1l\u00f3knak az adatb\u00e1zisban t\u00f6rt\u00e9n\u0151 azonos\u00edt\u00e1s\u00e1hoz elengedhetetlen\u00fcl sz\u00fcks\u00e9ges.<\/td>\n<\/tr>\n<tr>\n<td width=\"189\"><strong>Jelsz\u00f3<\/strong><\/td>\n<td width=\"415\">A felhaszn\u00e1l\u00f3i fi\u00f3kba t\u00f6rt\u00e9n\u0151 biztons\u00e1gos bel\u00e9p\u00e9st szolg\u00e1lja.<\/td>\n<\/tr>\n<\/tbody>\n<\/table>\n<p>&nbsp;<\/p>\n<p>Felh\u00edvjuk a figyelm\u00e9t arra, hogy a felhaszn\u00e1l\u00f3n\u00e9v \u00e9s az email c\u00edm eset\u00e9ben nem sz\u00fcks\u00e9ges, hogy az szem\u00e9lyes adatot tartalmazzon. \u00cdgy p\u00e9ld\u00e1ul nem sz\u00fcks\u00e9ges, hogy az \u00e9rintett nev\u00e9t tartalmazza.<\/p>\n<h1><strong>3.2. Az adatkezel\u00e9s jogalapja<\/strong><\/h1>\n<p>Az adatkezel\u00e9s jogalapja a felhaszn\u00e1l\u00f3i fi\u00f3k regisztr\u00e1l\u00e1sa sor\u00e1n megadott fenti adatok tekintet\u00e9ben az \u00e9rintett hozz\u00e1j\u00e1rul\u00e1sa.<\/p>\n<h1><strong>3.3. Az adatkezel\u00e9s id\u0151tartama<\/strong><\/h1>\n<p>A regisztr\u00e1ci\u00f3 sor\u00e1n megadott kapcsolattart\u00e1si adatokat a felhaszn\u00e1l\u00f3 hozz\u00e1j\u00e1rul\u00e1s\u00e1nak visszavon\u00e1s\u00e1ig kezeli. A regisztr\u00e1ci\u00f3 t\u00f6rl\u00e9se az \u00e9rintett kezdem\u00e9nyez\u00e9se alapj\u00e1n a <a href=\"mailto:deri@derimuzeum.hu\">adatvedelem@derimuzeum.hu<\/a> email c\u00edmen lehets\u00e9ges.<\/p>\n<h1><strong>3.4. Helyesb\u00edt\u00e9shez val\u00f3 jog <\/strong><\/h1>\n<p>A GDPR 16. cikk\u00e9nek megfelel\u0151en, k\u00e9relm\u00e9re az \u00d6n k\u00e9r\u00e9s\u00e9nek megfelel\u0151en m\u00f3dos\u00edtjuk, pontos\u00edtjuk a szem\u00e9lyes adat\u00e1t.<\/p>\n<h1><strong>3.5. T\u00f6rl\u00e9shez val\u00f3 jog <\/strong><\/h1>\n<p>A 3.1. alpont szerinti adatkezel\u00e9s eset\u00e9ben a GDPR 17. cikk (1) bekezd\u00e9s\u00e9vel \u00f6sszhangban \u00d6n k\u00e9rheti, hogy t\u00f6r\u00f6lj\u00fck a <strong>D\u00e9ri M\u00fazeum <\/strong>\u00e1ltal t\u00e1rolt szem\u00e9lyes adatokat.<\/p>\n<h1><strong>3.6. Korl\u00e1toz\u00e1shoz val\u00f3 jog <\/strong><\/h1>\n<p>\u00d6n k\u00e9rheti az adatkezel\u00e9s korl\u00e1toz\u00e1s\u00e1t az al\u00e1bbi esetekben:<\/p>\n<ul>\n<li>ha vitatja a szem\u00e9lyes adatok pontoss\u00e1g\u00e1t, akkor addig korl\u00e1tozzuk az adatkezel\u00e9st, am\u00edg ellen\u0151rizi <strong>D\u00e9ri M\u00fazeum <\/strong>a szem\u00e9lyes adatok pontoss\u00e1g\u00e1t;<\/li>\n<li>az adatkezel\u00e9s jogellenes, \u00e9s \u00d6n ellenzi az adatok t\u00f6rl\u00e9s\u00e9t, \u00e9s ehelyett k\u00e9ri azok felhaszn\u00e1l\u00e1s\u00e1nak korl\u00e1toz\u00e1s\u00e1t;<\/li>\n<li><strong>D\u00e9ri M\u00fazeumnak <\/strong>m\u00e1r nincs sz\u00fcks\u00e9ge a szem\u00e9lyes adatokra, de \u00d6n ig\u00e9nyli azokat jogi ig\u00e9nyek el\u0151terjeszt\u00e9s\u00e9hez, \u00e9rv\u00e9nyes\u00edt\u00e9s\u00e9hez vagy v\u00e9delm\u00e9hez; vagy<\/li>\n<li>amennyiben a tiltakoz\u00e1s jog\u00e1t gyakorolja, akkor arra az id\u0151tartamra korl\u00e1tozzuk az adatkezel\u00e9st, am\u00edg a k\u00e9relm\u00e9nek jogszer\u0171s\u00e9g\u00e9t megvizsg\u00e1ljuk. Az adatkezel\u00e9s korl\u00e1toz\u00e1s\u00e1ra ir\u00e1nyul\u00f3 k\u00e9relm\u00e9ben eset\u00e9ben azt is meg kell jel\u00f6lni, hogy melyik okb\u00f3l k\u00e9ri a korl\u00e1toz\u00e1st. Az <strong>D\u00e9ri M\u00fazeum<\/strong> az adatkezel\u00e9skorl\u00e1toz\u00e1s\u00e1ra ir\u00e1nyul\u00f3 k\u00e9relm\u00e9t \u00fagy teljes\u00edti, hogy a szem\u00e9lyes adatokat minden m\u00e1s szem\u00e9lyes adatt\u00f3l elk\u00fcl\u00f6n\u00edtetten t\u00e1rolja. \u00cdgy p\u00e9ld\u00e1ul elektronikus adat\u00e1llom\u00e1nyok eset\u00e9ben k\u00fcls\u0151 adathordoz\u00f3ra kimenti, a pap\u00edr alap\u00fa iratokat pedig k\u00fcl\u00f6n mapp\u00e1ban t\u00e1rolja.<\/li>\n<\/ul>\n<h1><strong>3.7. \u00a0Tiltakoz\u00e1s<\/strong><\/h1>\n<p>\u00d6n jogosult arra, hogy a saj\u00e1t helyzet\u00e9vel kapcsolatos okokb\u00f3l tiltakozzon a jogos \u00e9rdek m\u00e9rlegel\u00e9se alapj\u00e1n v\u00e9gzett adatkezel\u00e9s ellen. Ebben az esetben <strong>a D\u00e9ri M\u00fazeum <\/strong>megvizsg\u00e1lja az \u00d6n vonatkoz\u00e1s\u00e1ban az \u00e9rdekm\u00e9rlegel\u00e9s jogalapj\u00e1n v\u00e9gzett adatkezel\u00e9s\u00e9t, \u00e9s amennyiben megalapozottnak tal\u00e1lja a k\u00e9relm\u00e9t, t\u00f6r\u00f6lj\u00fck a szem\u00e9lyes adatait. A vizsg\u00e1latunkr\u00f3l \u00d6nt mindenk\u00e9pp t\u00e1j\u00e9koztatni fogjuk.<\/p>\n<h1><strong>3.8. A joggyakorl\u00e1s k\u00f6z\u00f6s szab\u00e1lyai <\/strong><\/h1>\n<p>A<strong> D\u00e9ri M\u00fazeum<\/strong> a k\u00e9relm\u00e9t legfeljebb egy h\u00f3napon bel\u00fcl teljes\u00edti, amely legfeljebb k\u00e9t h\u00f3nappal meghosszabb\u00edthat\u00f3. A k\u00e9relem megtagad\u00e1sa eset\u00e9n a <strong>D\u00e9ri M\u00fazeum <\/strong>a k\u00e9relem be\u00e9rkez\u00e9s\u00e9t\u0151l sz\u00e1m\u00edtott egy h\u00f3napon bel\u00fcl t\u00e1j\u00e9koztatja \u00d6nt a megtagad\u00e1s indokair\u00f3l, valamint arr\u00f3l, hogy panaszt ny\u00fajthat be a Hat\u00f3s\u00e1gn\u00e1l, \u00e9s \u00e9lhet b\u00edr\u00f3s\u00e1gi jogorvoslati jog\u00e1val.<\/p>\n<p>Az <strong>Adatkezel\u0151 <\/strong>fenntartja mag\u00e1nak azt a jogot, hogy ha megalapozott k\u00e9ts\u00e9gei vannak a k\u00e9relmet beny\u00fajt\u00f3 szem\u00e9ly kil\u00e9t\u00e9t illet\u0151en, akkor az \u00e9rintett szem\u00e9lyazonoss\u00e1g\u00e1nak meger\u0151s\u00edt\u00e9s\u00e9hez sz\u00fcks\u00e9ges inform\u00e1ci\u00f3k ny\u00fajt\u00e1s\u00e1t k\u00e9rje. Ilyen esetnek tekinthet\u0151 k\u00fcl\u00f6n\u00f6sen az, ha az \u00e9rintett a m\u00e1solat k\u00e9r\u00e9s\u00e9hez val\u00f3 jog\u00e1val \u00e9l, amely esetben indokolt, hogy <strong>D\u00e9ri M\u00fazeum <\/strong>meggy\u0151z\u0151dj\u00f6n arr\u00f3l, hogy a k\u00e9relem a jogosult szem\u00e9lyt\u0151l sz\u00e1rmazik.<\/p>\n<h1><strong>4. Az adatokhoz val\u00f3 hozz\u00e1f\u00e9r\u00e9s \u00e9s az adatbiztons\u00e1gi int\u00e9zked\u00e9sek<\/strong><\/h1>\n<h1><strong>4.1. Az adatokhoz val\u00f3 hozz\u00e1f\u00e9r\u00e9s \u00e9s az adattov\u00e1bb\u00edt\u00e1s<\/strong><\/h1>\n<p>A szem\u00e9lyes adatokhoz a <strong>D\u00e9ri M\u00fazeum <\/strong>munkat\u00e1rasai \u00e9s az adatb\u00e1zis fejleszt\u0151i f\u00e9rhetnek hozz\u00e1 a feladataik ell\u00e1t\u00e1sa \u00e9rdek\u00e9ben, ezeket harmadik f\u00e9lnek nem tov\u00e1bb\u00edtj\u00e1k.<\/p>\n<h1><strong>4.2. Adatbiztons\u00e1gi int\u00e9zked\u00e9sek<\/strong><\/h1>\n<p>A regisztr\u00e1ci\u00f3 sor\u00e1n megadott szem\u00e9lyes adatokat a <strong>D\u00e9ri M\u00fazeum <\/strong>sz\u00e9khely\u00e9n (4026 Debrecen, D\u00e9ri t\u00e9r 1.) tal\u00e1lhat\u00f3 szervereken t\u00e1rolja. A szem\u00e9lyes adatok t\u00e1rol\u00e1s\u00e1hoz a kutat\u00f3csoport m\u00e1s szolg\u00e1ltat\u00e1s\u00e1t nem veszi ig\u00e9nybe, adatfeldolgoz\u00f3t nem b\u00edz meg. A kutat\u00f3csoport megfelel\u0151 informatikai, technikai \u00e9s szem\u00e9lyi int\u00e9zked\u00e9sekkel gondoskodik arr\u00f3l, hogy az \u00e1ltala kezelt szem\u00e9lyes adatokat v\u00e9dje t\u00f6bbek k\u00f6z\u00f6tt a jogosulatlan hozz\u00e1f\u00e9r\u00e9s ellen vagy azok jogosulatlan megv\u00e1ltoztat\u00e1sa ellen. \u00cdgy p\u00e9ld\u00e1ul az informatikai rendszerben t\u00e1rolt adatokhoz val\u00f3 hozz\u00e1f\u00e9r\u00e9st napl\u00f3zza, vagyis mindig ellen\u0151rizhet\u0151, ki, mikor, milyen szem\u00e9lyes adathoz f\u00e9r hozz\u00e1.<\/p>\n<h1><strong>5. Az \u00d6n jog\u00e9rv\u00e9nyes\u00edt\u00e9si lehet\u0151s\u00e9gei <\/strong><\/h1>\n<p>Amennyiben az \u00d6n meg\u00edt\u00e9l\u00e9se szerint <strong>a D\u00e9ri M\u00fazeum <\/strong>adatkezel\u00e9se nem felel meg a jogszab\u00e1lyi k\u00f6vetelm\u00e9nyeknek, akkor a Nemzeti Adatv\u00e9delmi \u00e9s Inform\u00e1ci\u00f3szabads\u00e1g Hat\u00f3s\u00e1g (Postac\u00edm: 1530 Budapest, Pf.: 5., e-mail c\u00edm: ugyfelszolgalat@naih.hu) elj\u00e1r\u00e1s\u00e1t kezdem\u00e9nyezheti, illetve b\u00edr\u00f3s\u00e1ghoz fordulhat.<\/p>\n<h1><strong>5.1. Panasz beny\u00fajt\u00e1s joga, B\u00edr\u00f3s\u00e1gi jog\u00e9rv\u00e9nyes\u00edt\u00e9s, k\u00e1rt\u00e9r\u00edt\u00e9s jogellenes adatkezel\u00e9ssel kapcsolatban<\/strong><\/h1>\n<p>Amennyiben \u00d6n a szem\u00e9lyes adatainak kezel\u00e9se adatkezel\u00e9s sor\u00e1n a jogainak megs\u00e9rt\u00e9s\u00e9t \u00e9szleli, az al\u00e1bbi lehet\u0151s\u00e9gek \u00e1llnak rendelkez\u00e9s\u00e9re:<\/p>\n<ul>\n<li>k\u00f6zvetlen\u00fcl az Adatkezel\u0151h\u00f6z fordulhat postai lev\u00e9lben vagy emailen kereszt\u00fcl az I. fejezetben r\u00f6gz\u00edtett el\u00e9rhet\u0151s\u00e9geken<\/li>\n<li>az \u00e9rintett fel\u00fcgyeleti hat\u00f3s\u00e1gn\u00e1l, a Nemzeti Adatv\u00e9delmi \u00e9s Inform\u00e1ci\u00f3szabads\u00e1g Hat\u00f3s\u00e1gn\u00e1l [NAIH] panaszt ny\u00fajthat be. A NAIH el\u00e9rhet\u0151s\u00e9gei: Sz\u00e9khely: 1055 Budapest, Falk Miksa utca 9-11., 1363 Budapest, Pf.: 9.,\u00a0<a href=\"https:\/\/naih.hu\/online-ugyinditas\">https:\/\/naih.hu\/online-ugyinditas<\/a><\/li>\n<li>b\u00edr\u00f3s\u00e1ghoz fordulhat adatai jogellenes kezel\u00e9se, valamint az adatbiztons\u00e1g k\u00f6vetelm\u00e9nyeinek megszeg\u00e9se eset\u00e9n. A jogszab\u00e1lyban r\u00f6gz\u00edtettek szerint jogosult lehet k\u00e1rt\u00e9r\u00edt\u00e9sre, valamint s\u00e9relem d\u00edjra. A b\u00edr\u00f3s\u00e1g illet\u00e9kess\u00e9g\u00e9r\u0151l \u00e9s el\u00e9rhet\u0151s\u00e9geir\u0151l az al\u00e1bbi honlapon t\u00e1j\u00e9koz\u00f3dhat:\u00a0<a href=\"http:\/\/www.birosagok.hu\/\">birosagok.hu<\/a><\/li>\n<\/ul>\n<h1><strong>6. Egy\u00e9b rendelkez\u00e9sek<\/strong><\/h1>\n<p>Jelen adatkezel\u00e9si t\u00e1j\u00e9koztat\u00f3ban foglaltakat a D\u00e9ri M\u00fazeum 2021.07.01-\u00e9n hat\u00e1lyba l\u00e9p\u0151 Bels\u0151 adatv\u00e9delmi \u00e9s adatbiztons\u00e1gi szab\u00e1lyzat\u00e1ban, illetve a vonatkoz\u00f3 jogszab\u00e1lyokban (k\u00fcl\u00f6n\u00f6sen 2011. \u00e9vi CXII. tv az inform\u00e1ci\u00f3s \u00f6nrendelkez\u00e9si jogr\u00f3l, \u00e9s az inform\u00e1ci\u00f3szabads\u00e1gr\u00f3l, valamint 1997. \u00e9vi CLIX. t\u00f6rv\u00e9ny a fegyveres biztons\u00e1gi \u0151rz\u00e9sr\u0151l, a term\u00e9szetv\u00e9delmi \u00e9s a mezei \u0151rszolg\u00e1latr\u00f3l) foglaltakkal \u00f6sszhangban kell \u00e9rtelmezni.<br \/>.<\/p>\n<p>Debrecen, 2023. m\u00e1jus 15.<\/p>\n<p>[\/et_pb_text][\/et_pb_column][\/et_pb_row][\/et_pb_section]<\/p>\n","protected":false},"excerpt":{"rendered":"<p>Adatkezel\u00e9si t\u00e1j\u00e9koztat\u00f3 a D\u00e9ri M\u00fazeum helyiertek.derimuzeum.hu weboldal\u00e1n v\u00e9gzett adatkezel\u00e9sekr\u0151l &nbsp; 1. Az adatkezel\u0151 megnevez\u00e9se \u00e9s el\u00e9rhet\u0151s\u00e9gei D\u00e9ri M\u00fazeum Sz\u00e9khely: 4026 Debrecen, D\u00e9ri t\u00e9r 1. Posta c\u00edm: 4001 Debrecen, Pf. 61. E-mail c\u00edm: deri@derimuzeum.hu Telefonsz\u00e1m: +36 52\u00a0322 207 2. Adatkezel\u00e9sre vonatkoz\u00f3 jogszab\u00e1lyok Az D\u00e9ri M\u00fazeum adatkezel\u00e9s\u00e9re az al\u00e1bbi jogszab\u00e1lyi rendelkez\u00e9sek vonatkoznak: A szem\u00e9lyes adatok kezel\u00e9se tekintet\u00e9ben [&hellip;]<\/p>\n","protected":false},"author":1,"featured_media":0,"parent":0,"menu_order":0,"comment_status":"closed","ping_status":"closed","template":"","meta":{"_et_pb_use_builder":"on","_et_pb_old_content":"","_et_gb_content_width":""},"_links":{"self":[{"href":"https:\/\/helyiertek.derimuzeum.hu\/index.php?rest_route=\/wp\/v2\/pages\/1304"}],"collection":[{"href":"https:\/\/helyiertek.derimuzeum.hu\/index.php?rest_route=\/wp\/v2\/pages"}],"about":[{"href":"https:\/\/helyiertek.derimuzeum.hu\/index.php?rest_route=\/wp\/v2\/types\/page"}],"author":[{"embeddable":true,"href":"https:\/\/helyiertek.derimuzeum.hu\/index.php?rest_route=\/wp\/v2\/users\/1"}],"replies":[{"embeddable":true,"href":"https:\/\/helyiertek.derimuzeum.hu\/index.php?rest_route=%2Fwp%2Fv2%2Fcomments&post=1304"}],"version-history":[{"count":6,"href":"https:\/\/helyiertek.derimuzeum.hu\/index.php?rest_route=\/wp\/v2\/pages\/1304\/revisions"}],"predecessor-version":[{"id":4638,"href":"https:\/\/helyiertek.derimuzeum.hu\/index.php?rest_route=\/wp\/v2\/pages\/1304\/revisions\/4638"}],"wp:attachment":[{"href":"https:\/\/helyiertek.derimuzeum.hu\/index.php?rest_route=%2Fwp%2Fv2%2Fmedia&parent=1304"}],"curies":[{"name":"wp","href":"https:\/\/api.w.org\/{rel}","templated":true}]}}